{"id":23944797,"date":"2024-03-04T14:33:08","date_gmt":"2024-03-04T14:33:08","guid":{"rendered":"https:\/\/lsu-schaeberle.com\/agb-lsu-academy\/"},"modified":"2024-03-13T09:49:36","modified_gmt":"2024-03-13T09:49:36","slug":"agb-lsu-academy","status":"publish","type":"page","link":"https:\/\/lsu-schaeberle.com\/en\/agb-lsu-academy\/","title":{"rendered":"AGB LSU Academy"},"content":{"rendered":"<p>[et_pb_section fb_built=&#8221;1&#8243; custom_padding_last_edited=&#8221;on|phone&#8221; next_background_color=&#8221;#ffffff&#8221; admin_label=&#8221;Home &#8211; Leistungen&#8221; _builder_version=&#8221;4.24.2&#8243; _module_preset=&#8221;default&#8221; use_background_color_gradient=&#8221;on&#8221; background_color_gradient_direction=&#8221;325deg&#8221; background_color_gradient_stops=&#8221;rgba(0,0,0,0.72) 0%|#d63634 64%&#8221; background_color_gradient_overlays_image=&#8221;on&#8221; background_image=&#8221;https:\/\/lsu-schaeberle.com\/wp-content\/uploads\/2024\/01\/LSU-36-1.jpg&#8221; parallax=&#8221;on&#8221; width_last_edited=&#8221;off|phone&#8221; custom_margin=&#8221;||||true&#8221; custom_padding=&#8221;61px||86px||false|false&#8221; custom_padding_tablet=&#8221;54px||33px||false|false&#8221; custom_padding_phone=&#8221;14px|10px|14px|10px|true|true&#8221; top_divider_flip=&#8221;horizontal&#8221; bottom_divider_style=&#8221;slant&#8221; bottom_divider_flip=&#8221;horizontal&#8221; bottom_divider_style_tablet=&#8221;slant&#8221; bottom_divider_style_phone=&#8221;none&#8221; bottom_divider_style_last_edited=&#8221;on|phone&#8221; background_last_edited=&#8221;on|phone&#8221; use_background_color_gradient_phone=&#8221;on&#8221; background_color_gradient_direction_phone=&#8221;150deg&#8221; background_color_gradient_stops_phone=&#8221;#d64442 0%|rgba(0,0,0,0.73) 100%&#8221; locked=&#8221;off&#8221; global_colors_info=&#8221;{}&#8221; theme_builder_area=&#8221;post_content&#8221;][et_pb_row _builder_version=&#8221;4.24.2&#8243; _module_preset=&#8221;default&#8221; width=&#8221;100%&#8221; custom_padding=&#8221;34px||34px||true|&#8221; global_colors_info=&#8221;{}&#8221; theme_builder_area=&#8221;post_content&#8221;][et_pb_column type=&#8221;4_4&#8243; _builder_version=&#8221;4.21.2&#8243; _module_preset=&#8221;default&#8221; global_colors_info=&#8221;{}&#8221; theme_builder_area=&#8221;post_content&#8221;][et_pb_text _builder_version=&#8221;4.24.2&#8243; _module_preset=&#8221;default&#8221; text_font=&#8221;Barlow||||||||&#8221; text_text_color=&#8221;#FFFFFF&#8221; text_font_size=&#8221;40px&#8221; text_line_height=&#8221;1em&#8221; custom_margin=&#8221;||35px||false|false&#8221; custom_padding=&#8221;22px|||||&#8221; hover_enabled=&#8221;0&#8243; text_font_size_tablet=&#8221;40px&#8221; text_font_size_phone=&#8221;28px&#8221; text_font_size_last_edited=&#8221;on|phone&#8221; text_orientation_tablet=&#8221;&#8221; text_orientation_phone=&#8221;center&#8221; text_orientation_last_edited=&#8221;on|desktop&#8221; global_colors_info=&#8221;{}&#8221; theme_builder_area=&#8221;post_content&#8221; sticky_enabled=&#8221;0&#8243;]Allgemeine Gesch\u00e4ftsbedingungen LSU Akademie[\/et_pb_text][et_pb_divider color=&#8221;#FFFFFF&#8221; divider_weight=&#8221;2px&#8221; _builder_version=&#8221;4.24.2&#8243; _module_preset=&#8221;default&#8221; width=&#8221;13%&#8221; module_alignment=&#8221;left&#8221; custom_padding=&#8221;||0px||false|false&#8221; module_alignment_tablet=&#8221;&#8221; module_alignment_phone=&#8221;center&#8221; module_alignment_last_edited=&#8221;on|desktop&#8221; global_colors_info=&#8221;{}&#8221; theme_builder_area=&#8221;post_content&#8221;][\/et_pb_divider][\/et_pb_column][\/et_pb_row][\/et_pb_section][et_pb_section fb_built=&#8221;1&#8243; custom_padding_last_edited=&#8221;on|phone&#8221; admin_label=&#8221;section&#8221; _builder_version=&#8221;4.24.2&#8243; background_enable_color=&#8221;off&#8221; background_enable_image=&#8221;off&#8221; parallax=&#8221;on&#8221; custom_padding=&#8221;||96px|||&#8221; custom_padding_tablet=&#8221;&#8221; custom_padding_phone=&#8221;34px|20px||20px|false|true&#8221; locked=&#8221;off&#8221; global_colors_info=&#8221;{}&#8221; theme_builder_area=&#8221;post_content&#8221;][et_pb_row admin_label=&#8221;row&#8221; _builder_version=&#8221;4.24.2&#8243; background_size=&#8221;initial&#8221; background_position=&#8221;top_left&#8221; background_repeat=&#8221;repeat&#8221; width=&#8221;100%&#8221; width_tablet=&#8221;100%&#8221; width_phone=&#8221;100%&#8221; width_last_edited=&#8221;on|phone&#8221; global_colors_info=&#8221;{}&#8221; theme_builder_area=&#8221;post_content&#8221;][et_pb_column type=&#8221;4_4&#8243; _builder_version=&#8221;4.16&#8243; custom_padding=&#8221;|||&#8221; global_colors_info=&#8221;{}&#8221; custom_padding__hover=&#8221;|||&#8221; theme_builder_area=&#8221;post_content&#8221;][et_pb_text admin_label=&#8221;Text&#8221; _builder_version=&#8221;4.24.2&#8243; text_font=&#8221;Barlow|300|||||||&#8221; text_font_size=&#8221;16px&#8221; text_line_height=&#8221;1.5em&#8221; background_size=&#8221;initial&#8221; background_position=&#8221;top_left&#8221; background_repeat=&#8221;repeat&#8221; text_orientation_tablet=&#8221;&#8221; text_orientation_phone=&#8221;justified&#8221; text_orientation_last_edited=&#8221;on|phone&#8221; global_colors_info=&#8221;{}&#8221; theme_builder_area=&#8221;post_content&#8221;]<\/p>\n<p><span style=\"font-size: x-large;\"><strong>1. Pr\u00e4ambel<\/strong><\/span><\/p>\n<p>Die LSU Sch\u00e4berle Logistik &amp; Speditions-Union GmbH u. Co. KG veranstaltet unter dem Namen LSU Akademie, nachstehend LSU Akademie genannt, Schulungen. Die Schulungsteilnehmer werden in den folgenden Bedingungen \u201eTeilnehmer\u201c oder \u201eKunde\u201c genannt.<\/p>\n<p><span style=\"font-size: x-large;\"><strong><\/strong><\/span><\/p>\n<p><span style=\"font-size: x-large;\"><strong>2. Gegenstand<\/strong><\/span><\/p>\n<p>F\u00fcr alle Leistungen der LSU Akademie gelten unter Ausschluss anderslautender Bedingungen des Kunden, ausschlie\u00dflich die nachstehenden Gesch\u00e4ftsbedingungen, soweit nicht ausdr\u00fccklich andere schriftliche Vereinbarungen getroffen wurden. Andere allgemeine Gesch\u00e4ftsbedingungen finden auch dann keine Anwendung, wenn die LSU Akademie diesen im Einzelfall nicht ausdr\u00fccklich widerspricht.<br \/>Gegenstand des Auftrages ist grunds\u00e4tzlich die vereinbarte T\u00e4tigkeit oder sonstige Leistung und nicht ein Erfolg.<br \/>Die Schulungen werden durch eigenes Personal und unterbeauftragte Dritte durchgef\u00fchrt. Die LSU Akademie ist grunds\u00e4tzlich berechtigt, die komplette Schulung oder Teile davon durch unterbeauftragte Dritte durchf\u00fchren zu lassen, wenn der unterbeauftrage Dritte die Anforderungen der LSU Akademie erf\u00fcllt.<\/p>\n<p><span style=\"font-size: x-large;\"><strong><\/strong><\/span><\/p>\n<p><span style=\"font-size: x-large;\"><strong>3. Geltungsbereich<\/strong><\/span><\/p>\n<p>Angebot, Lieferung und Leistung der LSU Akademie erfolgen ausschlie\u00dflich unter Zugrundelegung dieser AGB. \u00c4nderungen bed\u00fcrfen der schriftlichen Vereinbarung. Die von der LSU Akademie eingesetzten Referenten handeln w\u00e4hrend der Schulung ausschlie\u00dflich im Auftrag und im Namen der LSU Akademie. Zusatz- Folge- und Neuauftr\u00e4ge sind nicht mit den Referenten sondern ausschlie\u00dflich mit der LSU Akademie zu verhandeln und abzuschlie\u00dfen. F\u00fcr Abwerbungsversuche gilt eine Vertragsstrafe von 50.000,- \u20ac als vereinbart.<\/p>\n<p><span style=\"font-size: x-large;\"><strong><\/strong><\/span><\/p>\n<p><span style=\"font-size: x-large;\"><strong>4. Angebot und Vertragsabschluss<\/strong><\/span><\/p>\n<p>Die Angebote der LSU Akademie sind unverbindlich und freibleibend. Dies gilt auch f\u00fcr die Preis- und Terminangaben. Die Anmeldung hat grunds\u00e4tzlich schriftlich zu erfolgen. Mit der Anmeldung erkl\u00e4rt der Kunde verbindlich, die bestellte Leistung erwerben zu wollen. Der Vertrag bedarf zur Rechtswirksamkeit der schriftlichen Best\u00e4tigung durch die LSU Akademie. Falls im einzelnen Schulungsangebot nichts anderes ausdr\u00fccklich angegeben ist, kann der Kunde bis 14 Tage vor Schulungsbeginn kostenfrei von der Schulung zur\u00fccktreten. Der R\u00fccktritt von einer gebuchten Veranstaltung bedarf grunds\u00e4tzlich der Schriftform. Ma\u00dfgebend f\u00fcr den Tag des R\u00fccktritts ist das Datum des Poststempels. Bei einer Abmeldung nach dieser Frist werden bis zum 5. Tag vor Schulungsbeginn 70% der Teilnahmegeb\u00fchren zur Zahlung f\u00e4llig. Bei einer sp\u00e4teren Abmeldung, bei Nichterscheinen oder vorzeitigem Beenden der Teilnahme ist die volle Teilnahmegeb\u00fchr zu entrichten. <br \/>Das Benennen eines Ersatzteilnehmers ist grunds\u00e4tzlich m\u00f6glich.<\/p>\n<p><span style=\"font-size: x-large;\"><strong><\/strong><\/span><\/p>\n<p><span style=\"font-size: x-large;\"><strong>5. Zahlungsbedingungen<\/strong><\/span><\/p>\n<p>Sofern keine einzelvertraglichen Regelungen getroffen wurden, ergeben sich die Teilnahmegeb\u00fchren aus den aktuellen Schulungsangeboten. Die Geb\u00fchren sind nach Rechnungstellung sofort, d.h. innerhalb von 10 Tagen nach Rechnungstellung, ohne Abz\u00fcge unter Angabe der Rechnungsnummer auf das angegebene Konto zu zahlen. Bei \u00dcberschreiten der vorgenannten Zahlungsfrist von 10 Tagen tritt, ohne dass es einer weiteren Mahnung bedarf, Zahlungsverzug ein. Alle Preise verstehen sich als Nettopreise zzgl. der jeweils g\u00fcltigen Mehrwertsteuer. Die Preise beinhalten keine Anfahrts-, Hotel- oder \u00dcbernachtungskosten.<br \/>Ein Aufrechnungsverbot mit anderen Forderungen der LSU Sch\u00e4berle Logistik &amp; Speditions-Union GmbH u. Co. KG gilt als vereinbart.<\/p>\n<p><span style=\"font-size: x-large;\"><strong><\/strong><\/span><\/p>\n<p><span style=\"font-size: x-large;\"><strong>6. Durchf\u00fchrung von Veranstaltungen<\/strong><\/span><\/p>\n<p>Die Schulungen werden entsprechend dem ver\u00f6ffentlichten Programminhalt durchgef\u00fchrt. Die LSU Akademie beh\u00e4lt sich sinnvolle \u00c4nderungen vor. Ein Anspruch auf die Unterrichtsbeteiligung eines bestimmten Referenten oder an einen bestimmten Ort besteht nicht. Die LSU Akademie beh\u00e4lt sich vor, eine Veranstaltung zu verschieben oder abzusagen, auch aus Gr\u00fcnden, die sie nicht selbst zu vertreten hat.<br \/>Ausfall eines Referenten, Nichterreichen der notwendigen Teilnehmerzahl etc. k\u00f6nnen zur Absage oder Verschiebung f\u00fchren. Die Benachrichtigung der Teilnehmer \u00fcber Absage oder Verschiebung erfolgt an die bei der Anmeldung angegebene Adresse. Bereits bezahlte Teilnahmegeb\u00fchren werden bei Lehrgangsausfall ohne Ersatztermin zur\u00fcckerstattet. Weitergehende Anspr\u00fcche seitens des Kunden, insbesondere Schadenersatzanspr\u00fcche gleich welcher Art, sind ausgeschlossen.<\/p>\n<p><span style=\"font-size: x-large;\"><strong><\/strong><\/span><\/p>\n<p><span style=\"font-size: x-large;\"><strong>7. Weisungsrecht und Verkehrsregeln<\/strong><\/span><\/p>\n<p>Die von der LSU Akademie mit der Abwicklung der Veranstaltung beauftragten Mitarbeiter und Referenten sind gegen\u00fcber den Teilnehmern weisungsbefugt und berechtigt, das Hausrecht auszu\u00fcben. Die Teilnehmer sind verpflichtet, sich an die mit der Rechnung \u00fcbersandten Verkehrsregeln auf dem Betriebsgel\u00e4nde strikt zu halten. Unf\u00e4lle auf dem Betriebsgel\u00e4nde der LSU Sch\u00e4berle Logistik &amp; Speditions-Union GmbH u. Co. KG, die auf die Nichtbeachtung dieser Verkehrsregeln zur\u00fcckzuf\u00fchren sind, f\u00fchren zum Haftungsausschluss.<\/p>\n<p><span style=\"font-size: x-large;\"><strong><\/strong><\/span><\/p>\n<p><span style=\"font-size: x-large;\"><strong>8. Eigentumsvorbehalt<\/strong><\/span><\/p>\n<p>Die LSU Akademie beh\u00e4lt sich das Eigentum an s\u00e4mtlichen, dem Teilnehmer \u00fcbergebenen Unterlagen bis zur vollst\u00e4ndigen Bezahlung aller Forderungen vor.<\/p>\n<p><span style=\"font-size: x-large;\"><strong><\/strong><\/span><\/p>\n<p><span style=\"font-size: x-large;\"><strong>9. Schutz- und Urheberrechte<\/strong><\/span><\/p>\n<p>Das Unterrichtsmaterial ist f\u00fcr den Eigengebrauch des Teilnehmers, der ein einfaches, nicht \u00fcbertragbares Nutzungsrecht erh\u00e4lt, bestimmt. <br \/>An den von der LSU Akademie erstellten Unterlagen, Ergebnissen, Berechnungen etc. behalten wir uns das Urheberrecht ausdr\u00fccklich vor. Unterrichtsunterlagen oder Teile daraus d\u00fcrfen ohne unsere schriftliche Einwilligung nicht reproduziert werden.<br \/>Eine werbetechnische Verwendung des Logos \u201eLSU Akademie\u201c, die \u00fcber das erteilte Zertifikat oder ausgestellte Bescheinigungen hinausgeht, bedarf ebenfalls der schriftlichen Zustimmung.<\/p>\n<p><span style=\"font-size: x-large;\"><strong><\/strong><\/span><\/p>\n<p><span style=\"font-size: x-large;\"><strong>10. Haftung<\/strong><\/span><\/p>\n<p>Die LSU Akademie haftet nicht f\u00fcr den Verlust, den Diebstahl oder die Besch\u00e4digung f\u00fcr die vom Teilnehmer zur Veranstaltung mitgebrachten Gegenst\u00e4nde. Die LSU Akademie haftet nur f\u00fcr solche Sch\u00e4den die von ihr zu vertreten sind und durch Vorsatz oder grobe Fahrl\u00e4ssigkeit verursacht wurden. Eine weitergehende Haftung ist ausgeschlossen, es sei denn, es wird aufgrund gesetzlicher Vorschriften zwingend gehaftet. F\u00fcr erteilten Rat oder die Verwertung der erworbenen Kenntnisse \u00fcbernimmt die LSU Akademie keine Haftung. Alle Unterlagen und Aussagen haben keinen Anspruch auf Vollst\u00e4ndigkeit oder absolute Korrektheit. Sie ersetzen insbesondere keine rechtliche Beratung.<\/p>\n<p><span style=\"font-size: x-large;\"><strong><\/strong><\/span><\/p>\n<p><span style=\"font-size: x-large;\"><strong>11. Verj\u00e4hrung, Ausschlussfristen<\/strong><\/span><\/p>\n<p>Alle Anspr\u00fcche des Kunden, gleich aus welchem Rechtsgrund, verj\u00e4hren nach 12 Monaten, soweit die Verj\u00e4hrung aufgrund gesetzlicher Vorschriften nicht schon fr\u00fcher eintritt. Die Verj\u00e4hrungsfristberechnung beginnt mit dem Ende der Veranstaltung. Die Verj\u00e4hrungsfrist gilt ebenfalls f\u00fcr Schadenersatzanspr\u00fcche.<\/p>\n<p><span style=\"font-size: x-large;\"><strong><\/strong><\/span><\/p>\n<p><span style=\"font-size: x-large;\"><strong>12. Datenschutz<\/strong><\/span><\/p>\n<p>Mit der Anmeldung erkl\u00e4rt sich der Kunde einverstanden, dass seine Daten elektronisch gespeichert und im Sinne der Zweckbestimmung verarbeitet werden.<\/p>\n<p><strong><span style=\"font-size: x-large;\"><\/span><\/strong><\/p>\n<p><strong><span style=\"font-size: x-large;\">13. Sonstiges<\/span><\/strong><\/p>\n<p>F\u00fcr den Fall, dass eine Bestimmung dieser AGB rechtlich unwirksam ist oder wird, gelten die anderen Bestimmungen verbindlich weiter. Anstelle der unwirksamen Bestimmung sind die Vertragspartner verpflichtet, eine dem gewollten und wirtschaftlichen Zweck m\u00f6glichst nahekommende Regelung zu vereinbaren.<\/p>\n<p><span style=\"font-size: x-large;\"><strong><\/strong><\/span><\/p>\n<p><span style=\"font-size: x-large;\"><strong>14. Erf\u00fcllungsort und Gerichtsstand<\/strong><\/span><\/p>\n<p>Es gilt ausschlie\u00dflich das Recht der Bundesrepublik Deutschland unter Ausschluss der Bestimmungen des UN-Kaufrechts. Erf\u00fcllungsort und Gerichtsstand ist Stuttgart.<\/p>\n<p>[\/et_pb_text][\/et_pb_column][\/et_pb_row][\/et_pb_section]<\/p>\n","protected":false},"excerpt":{"rendered":"<p>Allgemeine Gesch\u00e4ftsbedingungen LSU Akademie1. Pr\u00e4ambel Die LSU Sch\u00e4berle Logistik &amp; Speditions-Union GmbH u. Co. KG veranstaltet unter dem Namen LSU Akademie, nachstehend LSU Akademie genannt, Schulungen. Die Schulungsteilnehmer werden in den folgenden Bedingungen \u201eTeilnehmer\u201c oder \u201eKunde\u201c genannt. 2. Gegenstand F\u00fcr alle Leistungen der LSU Akademie gelten unter Ausschluss anderslautender Bedingungen des Kunden, ausschlie\u00dflich die nachstehenden [&hellip;]<\/p>\n","protected":false},"author":1,"featured_media":0,"parent":0,"menu_order":0,"comment_status":"closed","ping_status":"closed","template":"","meta":{"_acf_changed":false,"_et_pb_use_builder":"on","_et_pb_old_content":"","_et_gb_content_width":"","footnotes":""},"dipi_cpt_category":[],"class_list":["post-23944797","page","type-page","status-publish","hentry"],"acf":[],"_links":{"self":[{"href":"https:\/\/lsu-schaeberle.com\/en\/wp-json\/wp\/v2\/pages\/23944797","targetHints":{"allow":["GET"]}}],"collection":[{"href":"https:\/\/lsu-schaeberle.com\/en\/wp-json\/wp\/v2\/pages"}],"about":[{"href":"https:\/\/lsu-schaeberle.com\/en\/wp-json\/wp\/v2\/types\/page"}],"author":[{"embeddable":true,"href":"https:\/\/lsu-schaeberle.com\/en\/wp-json\/wp\/v2\/users\/1"}],"replies":[{"embeddable":true,"href":"https:\/\/lsu-schaeberle.com\/en\/wp-json\/wp\/v2\/comments?post=23944797"}],"version-history":[{"count":2,"href":"https:\/\/lsu-schaeberle.com\/en\/wp-json\/wp\/v2\/pages\/23944797\/revisions"}],"predecessor-version":[{"id":23944799,"href":"https:\/\/lsu-schaeberle.com\/en\/wp-json\/wp\/v2\/pages\/23944797\/revisions\/23944799"}],"wp:attachment":[{"href":"https:\/\/lsu-schaeberle.com\/en\/wp-json\/wp\/v2\/media?parent=23944797"}],"wp:term":[{"taxonomy":"dipi_cpt_category","embeddable":true,"href":"https:\/\/lsu-schaeberle.com\/en\/wp-json\/wp\/v2\/dipi_cpt_category?post=23944797"}],"curies":[{"name":"wp","href":"https:\/\/api.w.org\/{rel}","templated":true}]}}