{"id":3795,"date":"2023-11-18T09:56:37","date_gmt":"2023-11-18T07:56:37","guid":{"rendered":"https:\/\/lsu-schaeberle.com\/imprint\/"},"modified":"2024-03-13T09:57:24","modified_gmt":"2024-03-13T09:57:24","slug":"imprint","status":"publish","type":"page","link":"https:\/\/lsu-schaeberle.com\/en\/imprint\/","title":{"rendered":"Imprint"},"content":{"rendered":"<p>[et_pb_section fb_built=&#8221;1&#8243; custom_padding_last_edited=&#8221;on|phone&#8221; next_background_color=&#8221;#ffffff&#8221; admin_label=&#8221;Home &#8211; Leistungen&#8221; _builder_version=&#8221;4.24.2&#8243; _module_preset=&#8221;default&#8221; use_background_color_gradient=&#8221;on&#8221; background_color_gradient_direction=&#8221;325deg&#8221; background_color_gradient_stops=&#8221;rgba(0,0,0,0.72) 0%|#d63634 64%&#8221; background_color_gradient_overlays_image=&#8221;on&#8221; background_image=&#8221;https:\/\/lsu-schaeberle.com\/wp-content\/uploads\/2024\/01\/LSU-36-1.jpg&#8221; parallax=&#8221;on&#8221; width_last_edited=&#8221;off|phone&#8221; custom_margin=&#8221;||||true&#8221; custom_padding=&#8221;61px|20px|86px|20px|false|true&#8221; custom_padding_tablet=&#8221;54px||33px||false|false&#8221; custom_padding_phone=&#8221;14px|10px|14px|10px|true|true&#8221; top_divider_flip=&#8221;horizontal&#8221; bottom_divider_style=&#8221;slant&#8221; bottom_divider_flip=&#8221;horizontal&#8221; bottom_divider_style_tablet=&#8221;slant&#8221; bottom_divider_style_phone=&#8221;none&#8221; bottom_divider_style_last_edited=&#8221;on|phone&#8221; hover_enabled=&#8221;0&#8243; background_last_edited=&#8221;on|phone&#8221; use_background_color_gradient_phone=&#8221;on&#8221; background_color_gradient_direction_phone=&#8221;150deg&#8221; background_color_gradient_stops_phone=&#8221;#d64442 0%|rgba(0,0,0,0.73) 100%&#8221; locked=&#8221;off&#8221; global_colors_info=&#8221;{}&#8221; sticky_enabled=&#8221;0&#8243;][et_pb_row _builder_version=&#8221;4.24.2&#8243; _module_preset=&#8221;default&#8221; width=&#8221;100%&#8221; custom_padding=&#8221;34px||34px||true|&#8221; global_colors_info=&#8221;{}&#8221;][et_pb_column type=&#8221;4_4&#8243; _builder_version=&#8221;4.21.2&#8243; _module_preset=&#8221;default&#8221; global_colors_info=&#8221;{}&#8221;][et_pb_text _builder_version=&#8221;4.24.2&#8243; _module_preset=&#8221;default&#8221; text_font=&#8221;Barlow||||||||&#8221; text_text_color=&#8221;#FFFFFF&#8221; text_font_size=&#8221;40px&#8221; text_line_height=&#8221;1em&#8221; custom_margin=&#8221;||35px||false|false&#8221; custom_padding=&#8221;22px|||||&#8221; text_font_size_tablet=&#8221;40px&#8221; text_font_size_phone=&#8221;28px&#8221; text_font_size_last_edited=&#8221;on|phone&#8221; text_orientation_tablet=&#8221;&#8221; text_orientation_phone=&#8221;center&#8221; text_orientation_last_edited=&#8221;on|desktop&#8221; global_colors_info=&#8221;{}&#8221;]<\/p>\n<p>IMPRINT<\/p>\n<p>[\/et_pb_text][et_pb_divider color=&#8221;#FFFFFF&#8221; divider_weight=&#8221;2px&#8221; _builder_version=&#8221;4.24.2&#8243; _module_preset=&#8221;default&#8221; width=&#8221;13%&#8221; module_alignment=&#8221;left&#8221; custom_padding=&#8221;||0px||false|false&#8221; module_alignment_tablet=&#8221;&#8221; module_alignment_phone=&#8221;center&#8221; module_alignment_last_edited=&#8221;on|desktop&#8221; global_colors_info=&#8221;{}&#8221;][\/et_pb_divider][\/et_pb_column][\/et_pb_row][\/et_pb_section][et_pb_section fb_built=&#8221;1&#8243; custom_padding_last_edited=&#8221;on|phone&#8221; admin_label=&#8221;section&#8221; _builder_version=&#8221;4.24.2&#8243; background_enable_color=&#8221;off&#8221; background_enable_image=&#8221;off&#8221; parallax=&#8221;on&#8221; custom_padding=&#8221;|20px|96px|20px|false|true&#8221; custom_padding_tablet=&#8221;&#8221; custom_padding_phone=&#8221;34px|20px||20px|false|true&#8221; hover_enabled=&#8221;0&#8243; locked=&#8221;off&#8221; global_colors_info=&#8221;{}&#8221; sticky_enabled=&#8221;0&#8243;][et_pb_row admin_label=&#8221;row&#8221; _builder_version=&#8221;4.24.2&#8243; background_size=&#8221;initial&#8221; background_position=&#8221;top_left&#8221; background_repeat=&#8221;repeat&#8221; width=&#8221;100%&#8221; width_tablet=&#8221;100%&#8221; width_phone=&#8221;100%&#8221; width_last_edited=&#8221;on|phone&#8221; global_colors_info=&#8221;{}&#8221;][et_pb_column type=&#8221;4_4&#8243; _builder_version=&#8221;4.16&#8243; custom_padding=&#8221;|||&#8221; global_colors_info=&#8221;{}&#8221; custom_padding__hover=&#8221;|||&#8221;][et_pb_text admin_label=&#8221;Text&#8221; _builder_version=&#8221;4.24.2&#8243; text_font=&#8221;Barlow|300|||||||&#8221; text_font_size=&#8221;16px&#8221; text_line_height=&#8221;1.5em&#8221; background_size=&#8221;initial&#8221; background_position=&#8221;top_left&#8221; background_repeat=&#8221;repeat&#8221; text_orientation_tablet=&#8221;&#8221; text_orientation_phone=&#8221;justified&#8221; text_orientation_last_edited=&#8221;on|phone&#8221; global_colors_info=&#8221;{}&#8221;]<\/p>\n<p><span style=\"font-size: x-large;\"><strong>Seitenbetreiber i.S.d. \u00a7 5 TMG<\/strong><\/span><\/p>\n<p>LSU Sch\u00e4berle Logistik &amp; Speditions &#8211; Union GmbH u. Co. KG<\/p>\n<p>Motorstra\u00dfe 9<br \/>70499 Stuttgart<br \/>Deutschland<br \/>E-Mail: <a href=\"mailto:info@lsu-schaeberle.com\">info@lsu-schaeberle.com<\/a><br \/>Tel.: (+49) 071 11\/83 00 9 &#8211; 0<\/p>\n<p>&nbsp;<\/p>\n<p>&nbsp;<\/p>\n<p><span style=\"font-size: x-large;\"><strong>Handelsregister<\/strong><\/span><\/p>\n<p>Registergericht: Amtsgericht Stuttgart<br \/>Registernummer: HRA 12652<\/p>\n<p>&nbsp;<\/p>\n<p style=\"text-align: left;\">\u00a0<\/p>\n<p style=\"text-align: left;\"><span style=\"font-size: x-large;\"><strong>Pers\u00f6nlich haftende Gesellschafterin<\/strong><\/span><\/p>\n<p>LSU Beteiligungsgesellschaft mbH<br \/>Motorstra\u00dfe 9<br \/>70499 Stuttgart<br \/>Deutschland<br \/>E-Mail: <a href=\"mailto:info@lsu-schaeberle.com\">info@lsu-schaeberle.com<\/a><br \/>Tel.: (+49) 071 11\/83 00 9 &#8211; 0<br \/>Registergericht: Amtsgericht Stuttgart<br \/>Registernummer: HRB 767452<br \/>Gesch\u00e4ftsf\u00fchrer: Thomas Sch\u00e4berle, Roland Bernd Walz<\/p>\n<p>&nbsp;<\/p>\n<p>&nbsp;<\/p>\n<p><span style=\"font-size: x-large;\"><strong>Umsatzsteuer-Identifikationsnummer gem\u00e4\u00df \u00a7 27 a Umsatzsteuergesetz<\/strong><\/span><\/p>\n<p>DE 147854793<\/p>\n<p>&nbsp;<\/p>\n<p><span style=\"font-size: x-large;\"><strong>Inhaltlich Verantwortlicher<\/strong><\/span><\/p>\n<p>&nbsp;<\/p>\n<p>&nbsp;<\/p>\n<p>&nbsp;<\/p>\n<p>&nbsp;<\/p>\n<p><span style=\"font-size: x-large;\"><strong>Kontaktdaten des Datenschutzbeauftragten<\/strong><\/span><\/p>\n<p>Wir haben einen Datenschutzbeauftragten gem. Art. 37 DSGVO bestellt. Unseren Datenschutzbeauftragten erreichen Sie unter den nachfolgenden Kontaktdaten:<\/p>\n<p>ViCoTec IT-Sicherheit &amp; Datenschutz GmbH &amp; Co. KG<br \/>August-Wilhelm-K\u00fchnholz-Str. 5<br \/>26135 Oldenburg<br \/>vertreten durch Gesch\u00e4ftsf\u00fchrer Thorsten Brendel<br \/>E-Mail: <a href=\"mailto:info@vicotec.de\">info@vicotec.de<\/a><br \/>Tel.: +49 441 24 92 65 20<\/p>\n<p>&nbsp;<\/p>\n<p>&nbsp;<\/p>\n<p>&nbsp;<\/p>\n<p><span style=\"font-size: x-large;\"><strong>Informationen zur Online-Streitbeilegung<\/strong><\/span><\/p>\n<p>Die Europ\u00e4ische Kommission stellt eine Plattform zur Online-Streitbeilegung (OS) bereit. Diese Plattform finden Sie unter folgendem Link: <a href=\"https:\/\/ec.europa.eu\/consumers\/odr\/\">https:\/\/ec.europa.eu\/consumers\/odr\/<\/a>. Verbraucher k\u00f6nnen diese Plattform nutzen, um ihre Streitigkeiten aus Online-Vertr\u00e4gen beizulegen.<\/p>\n<p>&nbsp;<\/p>\n<p>&nbsp;<\/p>\n<p><span style=\"font-size: x-large;\"><strong>Hinweis gem\u00e4\u00df \u00a7 36 VSBG<\/strong><\/span><\/p>\n<p>Wir werden nicht an alternativen Streitschlichtungsverfahren im Sinne des \u00a7 36 VSBG teilnehmen. Die Nutzung einer alternativen Schlichtungsstelle stellt keine zwingende Voraussetzung R\u00fcr das Anrufen zust\u00e4ndiger ordentlicher Gerichte dar.<\/p>\n<p>&nbsp;<\/p>\n<p style=\"text-align: left;\"><span style=\"font-size: x-large;\"><strong>Urheberrechte und Bildnachweise<\/strong><\/span><\/p>\n<p>Die Inhalte von www.lsu-schaeberle.com sind \u2013 soweit nicht abweichend angegeben \u2013 urheberrechtlich gesch\u00fctzt. Verwendete Fotografien sind ggf. mit Bildnachweisen gekennzeichnet oder unten aufgef\u00fchrt, soweit sie nicht selbst angefertigt wurden.<br \/>Die Verwendung von Fotografien auf Drittseiten ist nur im Rahmen der jeweiligen Lizenz der Urheber m\u00f6glich.<\/p>\n<p>&nbsp;<\/p>\n<p><span style=\"font-size: x-large;\"><strong>Haftungsausschluss<\/strong><\/span><\/p>\n<p style=\"text-align: left;\">\u00a0<\/p>\n<p>Die Informationen, die LSU Sch\u00e4berle Logistik &amp; Speditions Union GmbH &amp; Co. KG Ihnen auf dieser Website zur Verf\u00fcgung stellt, wurden mit gr\u00f6\u00dftm\u00f6glicher Sorgfalt zusammengestellt und werden laufend aktualisiert. Trotz sorgf\u00e4ltigster Kontrolle kann die Fehlerfreiheit nicht garantiert werden. LSU Sch\u00e4berle Logistik &amp; Speditions Union GmbH &amp; Co. KG schlie\u00dft daher jede Haftung oder Garantie hinsichtlich der Genauigkeit, Vollst\u00e4ndigkeit und Aktualit\u00e4t der auf dieser Website bereitgestellten Informationen aus. Dies gilt insbesondere auch f\u00fcr Websites, auf die mittels Hyperlink verwiesen wird. Es handelt sich dabei um fremde Websites, auf deren Inhalt wir keinen Einfluss haben. LSU Sch\u00e4berle Logistik &amp; Speditions Union GmbH &amp; Co. KG schlie\u00dft daher eine Haftung f\u00fcr den Inhalt derartiger Seiten ausdr\u00fccklich aus. LSU Sch\u00e4berle Logistik &amp; Speditions Union GmbH &amp; Co. KG ist auch nicht verantwortlich f\u00fcr die Datenschutzvorkehrungen der Betreiber derartiger Websites. LSU Sch\u00e4berle Logistik &amp; Speditions Union GmbH &amp; Co. KG beh\u00e4lt sich das Recht vor, jederzeit ohne Ank\u00fcndigung, \u00c4nderungen oder Erg\u00e4nzungen der bereitgestellten Informationen oder Daten vorzunehmen. Soweit unsere Internetseiten in die Zukunft gerichtete Aussagen enthalten, bauen diese Aussagen auf \u00dcberzeugungen und Einsch\u00e4tzungen des Managements auf und unterliegen damit Risiken und Unsicherheiten. LSU Sch\u00e4berle Logistik &amp; Speditions Union GmbH &amp; Co. KG ist nicht verpflichtet, solche in die Zukunft gerichteten Aussagen zu aktualisieren. Eine Haftung f\u00fcr solche Aussagen wird ausdr\u00fccklich ausgeschlossen.<\/p>\n<p>&nbsp;<\/p>\n<p>[\/et_pb_text][\/et_pb_column][\/et_pb_row][et_pb_row column_structure=&#8221;1_3,1_3,1_3&#8243; use_custom_gutter=&#8221;on&#8221; gutter_width=&#8221;1&#8243; _builder_version=&#8221;4.24.2&#8243; _module_preset=&#8221;default&#8221; use_background_color_gradient=&#8221;on&#8221; background_color_gradient_stops=&#8221;#000000 0%|#0c71c3 99%&#8221; width=&#8221;100%&#8221; custom_margin=&#8221;80px|auto|16px|auto|false|false&#8221; custom_padding=&#8221;33px||14px|||&#8221; hover_enabled=&#8221;0&#8243; box_shadow_style=&#8221;preset1&#8243; global_colors_info=&#8221;{}&#8221; background_color_gradient_direction=&#8221;90deg&#8221; sticky_enabled=&#8221;0&#8243; background_last_edited=&#8221;on|phone&#8221; background_color_gradient_direction_phone=&#8221;180deg&#8221; background_color_gradient_stops_phone=&#8221;#000000 21%|#0c71c3 99%&#8221; use_background_color_gradient_phone=&#8221;on&#8221; custom_css_main_element_last_edited=&#8221;on|phone&#8221; custom_css_main_element_phone=&#8221;display: flex;||flex-wrap: wrap;||&#8221;][et_pb_column type=&#8221;1_3&#8243; _builder_version=&#8221;4.24.2&#8243; _module_preset=&#8221;default&#8221; hover_enabled=&#8221;0&#8243; global_colors_info=&#8221;{}&#8221; custom_css_main_element_last_edited=&#8221;on|phone&#8221; custom_css_main_element_phone=&#8221;order: 2;&#8221; sticky_enabled=&#8221;0&#8243;][et_pb_image src=&#8221;https:\/\/lsu-schaeberle.com\/wp-content\/uploads\/2024\/03\/Logo-Stand.Art_.png&#8221; title_text=&#8221;Logo Stand.Art&#8221; url=&#8221;https:\/\/stnd-art.de\/&#8221; url_new_window=&#8221;on&#8221; align=&#8221;right&#8221; _builder_version=&#8221;4.24.2&#8243; _module_preset=&#8221;default&#8221; width=&#8221;200px&#8221; width_tablet=&#8221;200px&#8221; width_phone=&#8221;150px&#8221; width_last_edited=&#8221;on|phone&#8221; module_alignment_tablet=&#8221;&#8221; module_alignment_phone=&#8221;center&#8221; module_alignment_last_edited=&#8221;on|phone&#8221; global_colors_info=&#8221;{}&#8221;][\/et_pb_image][\/et_pb_column][et_pb_column type=&#8221;1_3&#8243; _builder_version=&#8221;4.24.2&#8243; _module_preset=&#8221;default&#8221; hover_enabled=&#8221;0&#8243; global_colors_info=&#8221;{}&#8221; sticky_enabled=&#8221;0&#8243; custom_css_main_element_last_edited=&#8221;on|phone&#8221; custom_css_main_element_phone=&#8221;order: 1;&#8221;][et_pb_text _builder_version=&#8221;4.24.2&#8243; _module_preset=&#8221;default&#8221; text_font=&#8221;Barlow|300|||||||&#8221; text_text_color=&#8221;#FFFFFF&#8221; text_orientation=&#8221;center&#8221; custom_margin=&#8221;13px||||false|false&#8221; hover_enabled=&#8221;0&#8243; global_colors_info=&#8221;{}&#8221; sticky_enabled=&#8221;0&#8243; custom_margin_last_edited=&#8221;on|phone&#8221; custom_margin_phone=&#8221;||25px||false|false&#8221; custom_margin_tablet=&#8221;13px||||false|false&#8221;]<\/p>\n<p>designed by<\/p>\n<p>[\/et_pb_text][\/et_pb_column][et_pb_column type=&#8221;1_3&#8243; _builder_version=&#8221;4.24.2&#8243; _module_preset=&#8221;default&#8221; hover_enabled=&#8221;0&#8243; global_colors_info=&#8221;{}&#8221; custom_css_main_element_last_edited=&#8221;on|phone&#8221; custom_css_main_element_phone=&#8221;order: 3;&#8221; sticky_enabled=&#8221;0&#8243;][et_pb_image src=&#8221;https:\/\/lsu-schaeberle.com\/wp-content\/uploads\/2024\/03\/Logo-ewisdo.png&#8221; title_text=&#8221;Logo ewisdo&#8221; url=&#8221;http:\/\/ewisdo.de&#8221; url_new_window=&#8221;on&#8221; _builder_version=&#8221;4.24.2&#8243; _module_preset=&#8221;default&#8221; width=&#8221;260px&#8221; width_tablet=&#8221;260px&#8221; width_phone=&#8221;200px&#8221; width_last_edited=&#8221;on|phone&#8221; custom_margin=&#8221;-21px||||false|false&#8221; custom_margin_tablet=&#8221;-21px||||false|false&#8221; custom_margin_phone=&#8221;10px||18px||false|false&#8221; custom_margin_last_edited=&#8221;on|phone&#8221; hover_enabled=&#8221;0&#8243; module_alignment_tablet=&#8221;&#8221; module_alignment_phone=&#8221;center&#8221; module_alignment_last_edited=&#8221;on|phone&#8221; global_colors_info=&#8221;{}&#8221; sticky_enabled=&#8221;0&#8243;][\/et_pb_image][\/et_pb_column][\/et_pb_row][\/et_pb_section]<\/p>\n","protected":false},"excerpt":{"rendered":"<p>IMPRINTSeitenbetreiber i.S.d. \u00a7 5 TMG LSU Sch\u00e4berle Logistik &amp; Speditions &#8211; Union GmbH u. Co. KG Motorstra\u00dfe 970499 StuttgartDeutschlandE-Mail: info@lsu-schaeberle.comTel.: (+49) 071 11\/83 00 9 &#8211; 0 &nbsp; &nbsp; Handelsregister Registergericht: Amtsgericht StuttgartRegisternummer: HRA 12652 &nbsp; \u00a0 Pers\u00f6nlich haftende Gesellschafterin LSU Beteiligungsgesellschaft mbHMotorstra\u00dfe 970499 StuttgartDeutschlandE-Mail: info@lsu-schaeberle.comTel.: (+49) 071 11\/83 00 9 &#8211; 0Registergericht: Amtsgericht StuttgartRegisternummer: [&hellip;]<\/p>\n","protected":false},"author":1,"featured_media":0,"parent":0,"menu_order":0,"comment_status":"closed","ping_status":"closed","template":"","meta":{"_acf_changed":false,"_et_pb_use_builder":"on","_et_pb_old_content":"","_et_gb_content_width":"","footnotes":""},"dipi_cpt_category":[],"class_list":["post-3795","page","type-page","status-publish","hentry"],"acf":[],"_links":{"self":[{"href":"https:\/\/lsu-schaeberle.com\/en\/wp-json\/wp\/v2\/pages\/3795","targetHints":{"allow":["GET"]}}],"collection":[{"href":"https:\/\/lsu-schaeberle.com\/en\/wp-json\/wp\/v2\/pages"}],"about":[{"href":"https:\/\/lsu-schaeberle.com\/en\/wp-json\/wp\/v2\/types\/page"}],"author":[{"embeddable":true,"href":"https:\/\/lsu-schaeberle.com\/en\/wp-json\/wp\/v2\/users\/1"}],"replies":[{"embeddable":true,"href":"https:\/\/lsu-schaeberle.com\/en\/wp-json\/wp\/v2\/comments?post=3795"}],"version-history":[{"count":10,"href":"https:\/\/lsu-schaeberle.com\/en\/wp-json\/wp\/v2\/pages\/3795\/revisions"}],"predecessor-version":[{"id":23944810,"href":"https:\/\/lsu-schaeberle.com\/en\/wp-json\/wp\/v2\/pages\/3795\/revisions\/23944810"}],"wp:attachment":[{"href":"https:\/\/lsu-schaeberle.com\/en\/wp-json\/wp\/v2\/media?parent=3795"}],"wp:term":[{"taxonomy":"dipi_cpt_category","embeddable":true,"href":"https:\/\/lsu-schaeberle.com\/en\/wp-json\/wp\/v2\/dipi_cpt_category?post=3795"}],"curies":[{"name":"wp","href":"https:\/\/api.w.org\/{rel}","templated":true}]}}